{"id":148,"date":"2023-02-20T18:03:05","date_gmt":"2023-02-20T18:03:05","guid":{"rendered":"http:\/\/abapat.pl\/?page_id=148"},"modified":"2024-01-09T11:58:18","modified_gmt":"2024-01-09T11:58:18","slug":"kim-jest-rzecznik-patentowy","status":"publish","type":"page","link":"https:\/\/abapat.pl\/?page_id=148","title":{"rendered":"Kim jest rzecznik patentowy?"},"content":{"rendered":"<p style=\"margin-right: 0px; margin-bottom: 0px; margin-left: 0px; font-stretch: normal; font-size: 13px; line-height: normal; font-family: 'Helvetica Neue';\">Rzecznik patentowy to osoba posiadaj\u0105ca uprawnienia do reprezentowania przed Urz\u0119dem Patentowym RP oraz w innych sprawach zwi\u0105zanych z ochron\u0105 w\u0142asno\u015bci przemys\u0142owej. Rzecznicy patentowi \u015bwiadcz\u0105 szereg us\u0142ug zwi\u0105zanych z ochron\u0105 w\u0142asno\u015bci przemys\u0142owej, w tym:<\/p>\n<ol>\n<li style=\"margin: 0px; font-stretch: normal; font-size: 13px; line-height: normal; font-family: 'Helvetica Neue';\">Doradztwo patentowe &#8211; rzecznicy patentowi doradzaj\u0105 w sprawach zwi\u0105zanych z uzyskaniem ochrony patentowej, tj. w zakresie zg\u0142aszania wniosk\u00f3w patentowych, oceny szans na uzyskanie patentu, analizy stanu techniki, analizy innowacyjno\u015bci.<\/li>\n<li style=\"margin: 0px; font-stretch: normal; font-size: 13px; line-height: normal; font-family: 'Helvetica Neue';\">Rejestracja znak\u00f3w towarowych &#8211; rzecznicy patentowi pomagaj\u0105 w rejestracji znak\u00f3w towarowych, czyli s\u0142\u00f3w, grafik, d\u017awi\u0119k\u00f3w, zapach\u00f3w, kt\u00f3re odr\u00f3\u017cniaj\u0105 produkty lub us\u0142ugi jednej firmy od innych.<\/li>\n<li style=\"margin: 0px; font-stretch: normal; font-size: 13px; line-height: normal; font-family: 'Helvetica Neue';\">Ochrona patentowa &#8211; rzecznicy patentowi reprezentuj\u0105 klient\u00f3w w sprawach zwi\u0105zanych z ochron\u0105 patentow\u0105, w tym w post\u0119powaniach przed Urz\u0119dem Patentowym RP, jak r\u00f3wnie\u017c w sprawach s\u0105dowych dotycz\u0105cych naruszenia praw patentowych.<\/li>\n<li style=\"margin: 0px; font-stretch: normal; font-size: 13px; line-height: normal; font-family: 'Helvetica Neue';\">Analiza stanu techniki &#8211; rzecznicy patentowi przeprowadzaj\u0105 analizy stanu techniki w celu zidentyfikowania potencjalnych problem\u00f3w zwi\u0105zanych z ochron\u0105 patentow\u0105.<\/li>\n<li style=\"margin: 0px; font-stretch: normal; font-size: 13px; line-height: normal; font-family: 'Helvetica Neue';\">Wyszukiwanie patent\u00f3w &#8211; rzecznicy patentowi przeprowadzaj\u0105 wyszukiwanie patent\u00f3w w celu okre\u015blenia, czy dane rozwi\u0105zanie techniczne jest ju\u017c opatentowane, czy te\u017c mo\u017cna uzyska\u0107 na nie patent.<\/li>\n<li style=\"margin: 0px; font-stretch: normal; font-size: 13px; line-height: normal; font-family: 'Helvetica Neue';\">Ocena i wycena w\u0142asno\u015bci intelektualnej &#8211; rzecznicy patentowi pomagaj\u0105 w ocenie warto\u015bci w\u0142asno\u015bci intelektualnej i jej wycenie, co mo\u017ce by\u0107 przydatne w przypadku sprzeda\u017cy lub zakupu firm.<\/li>\n<\/ol>\n<p style=\"margin-right: 0px; margin-bottom: 0px; margin-left: 0px; font-stretch: normal; font-size: 13px; line-height: normal; font-family: 'Helvetica Neue';\">Warto podkre\u015bli\u0107, \u017ce lista us\u0142ug, kt\u00f3re mog\u0105 by\u0107 \u015bwiadczone przez rzecznik\u00f3w patentowych, jest d\u0142uga i r\u00f3\u017cnorodna, w zale\u017cno\u015bci od specyfiki potrzeb klienta.<\/p>\n","protected":false},"excerpt":{"rendered":"<p>Je\u017celi nie wiesz czym zajmuje si\u0119 rzecznik patentowy &#8211; zajrzyj tu<\/p>\n","protected":false},"author":1,"featured_media":0,"parent":0,"menu_order":0,"comment_status":"closed","ping_status":"closed","template":"","meta":{"footnotes":""},"class_list":["post-148","page","type-page","status-publish","hentry"],"_links":{"self":[{"href":"https:\/\/abapat.pl\/index.php?rest_route=\/wp\/v2\/pages\/148","targetHints":{"allow":["GET"]}}],"collection":[{"href":"https:\/\/abapat.pl\/index.php?rest_route=\/wp\/v2\/pages"}],"about":[{"href":"https:\/\/abapat.pl\/index.php?rest_route=\/wp\/v2\/types\/page"}],"author":[{"embeddable":true,"href":"https:\/\/abapat.pl\/index.php?rest_route=\/wp\/v2\/users\/1"}],"replies":[{"embeddable":true,"href":"https:\/\/abapat.pl\/index.php?rest_route=%2Fwp%2Fv2%2Fcomments&post=148"}],"version-history":[{"count":3,"href":"https:\/\/abapat.pl\/index.php?rest_route=\/wp\/v2\/pages\/148\/revisions"}],"predecessor-version":[{"id":151,"href":"https:\/\/abapat.pl\/index.php?rest_route=\/wp\/v2\/pages\/148\/revisions\/151"}],"wp:attachment":[{"href":"https:\/\/abapat.pl\/index.php?rest_route=%2Fwp%2Fv2%2Fmedia&parent=148"}],"curies":[{"name":"wp","href":"https:\/\/api.w.org\/{rel}","templated":true}]}}