{"id":5,"date":"2022-10-19T12:58:59","date_gmt":"2022-10-19T12:58:59","guid":{"rendered":"http:\/\/abapat.pl\/?page_id=5"},"modified":"2025-05-19T13:29:47","modified_gmt":"2025-05-19T13:29:47","slug":"kancelaria-patentowa","status":"publish","type":"page","link":"https:\/\/abapat.pl\/","title":{"rendered":"Kancelaria Patentowa"},"content":{"rendered":"\n<h2 class=\"wp-block-heading\">Witamy w Kancelarii Patentowej Abapat<\/h2>\n\n\n\n<p>Nasza kancelaria od 1995 roku \u015bwiadczy us\u0142ugi z zakresu ochrony w\u0142asno\u015bci przemys\u0142owej.<\/p>\n\n\n\n<p class=\"has-text-align-left\">Wyst\u0119pujemy w roli profesjonalnego pe\u0142nomocnika przed Urz\u0119dem Patentowym RP oraz przed Urz\u0119dem Do Spraw W\u0142asno\u015bci Intelektualnej EUIPO w Alicante i Europejskiego Urz\u0119du Patentowego EPO w Monachium. W zakresie uzyskiwania ochrony patentowej specjalizujemy si\u0119 w dziedzinie mechaniki, mechatroniki elektryki i g\u00f3rnictwa. Dokonujemy tak\u017ce wycen warto\u015bci niematerialnych i prawnych.&nbsp;<\/p>\n\n\n\n<div class=\"wp-block-group alignfull has-background-background-color has-background\" style=\"margin-top:0;margin-bottom:0;padding-top:var(--wp--preset--spacing--60);padding-right:var(--wp--preset--spacing--30);padding-bottom:var(--wp--preset--spacing--60);padding-left:var(--wp--preset--spacing--30)\"><div class=\"wp-block-group__inner-container is-layout-constrained wp-container-core-group-is-layout-392eb801 wp-block-group-is-layout-constrained\">\n<div class=\"wp-block-columns alignwide is-layout-flex wp-container-core-columns-is-layout-7e47eb5e wp-block-columns-is-layout-flex\" style=\"margin-top:var(--wp--preset--spacing--50)\">\n<div class=\"wp-block-column is-layout-flow wp-block-column-is-layout-flow\">\n<figure data-wp-context=\"{&quot;imageId&quot;:&quot;69d80870a6ea5&quot;}\" data-wp-interactive=\"core\/image\" data-wp-key=\"69d80870a6ea5\" class=\"wp-block-image size-full ext-import wp-lightbox-container\"><img decoding=\"async\" width=\"284\" height=\"124\" data-wp-class--hide=\"state.isContentHidden\" data-wp-class--show=\"state.isContentVisible\" data-wp-init=\"callbacks.setButtonStyles\" data-wp-on--click=\"actions.showLightbox\" data-wp-on--load=\"callbacks.setButtonStyles\" data-wp-on-window--resize=\"callbacks.setButtonStyles\" src=\"https:\/\/abapat.pl\/wp-content\/uploads\/2024\/01\/Obszar-roboczy-1.png\" alt=\"Logo\" class=\"wp-image-256\"\/><button\n\t\t\tclass=\"lightbox-trigger\"\n\t\t\ttype=\"button\"\n\t\t\taria-haspopup=\"dialog\"\n\t\t\taria-label=\"Enlarge\"\n\t\t\tdata-wp-init=\"callbacks.initTriggerButton\"\n\t\t\tdata-wp-on--click=\"actions.showLightbox\"\n\t\t\tdata-wp-style--right=\"state.imageButtonRight\"\n\t\t\tdata-wp-style--top=\"state.imageButtonTop\"\n\t\t>\n\t\t\t<svg xmlns=\"http:\/\/www.w3.org\/2000\/svg\" width=\"12\" height=\"12\" fill=\"none\" viewBox=\"0 0 12 12\">\n\t\t\t\t<path fill=\"#fff\" d=\"M2 0a2 2 0 0 0-2 2v2h1.5V2a.5.5 0 0 1 .5-.5h2V0H2Zm2 10.5H2a.5.5 0 0 1-.5-.5V8H0v2a2 2 0 0 0 2 2h2v-1.5ZM8 12v-1.5h2a.5.5 0 0 0 .5-.5V8H12v2a2 2 0 0 1-2 2H8Zm2-12a2 2 0 0 1 2 2v2h-1.5V2a.5.5 0 0 0-.5-.5H8V0h2Z\" \/>\n\t\t\t<\/svg>\n\t\t<\/button><\/figure>\n\n\n\n<h4 class=\"wp-block-heading has-small-font-size\" style=\"margin-top:24px;font-style:normal;font-weight:400\">Rejestracja znak\u00f3w towarowych<\/h4>\n\n\n\n<h3 class=\"wp-block-heading has-medium-font-size\" style=\"margin-top:12px\">Chro\u0144 swoj\u0105 mark\u0119 w kraju i za granic\u0105<\/h3>\n<\/div>\n\n\n\n<div class=\"wp-block-column is-layout-flow wp-block-column-is-layout-flow\">\n<figure data-wp-context=\"{&quot;imageId&quot;:&quot;69d80870a7783&quot;}\" data-wp-interactive=\"core\/image\" data-wp-key=\"69d80870a7783\" class=\"wp-block-image size-full ext-import wp-lightbox-container\"><img decoding=\"async\" width=\"284\" height=\"124\" data-wp-class--hide=\"state.isContentHidden\" data-wp-class--show=\"state.isContentVisible\" data-wp-init=\"callbacks.setButtonStyles\" data-wp-on--click=\"actions.showLightbox\" data-wp-on--load=\"callbacks.setButtonStyles\" data-wp-on-window--resize=\"callbacks.setButtonStyles\" src=\"https:\/\/abapat.pl\/wp-content\/uploads\/2024\/01\/Patent.png\" alt=\"\" class=\"wp-image-257\"\/><button\n\t\t\tclass=\"lightbox-trigger\"\n\t\t\ttype=\"button\"\n\t\t\taria-haspopup=\"dialog\"\n\t\t\taria-label=\"Enlarge\"\n\t\t\tdata-wp-init=\"callbacks.initTriggerButton\"\n\t\t\tdata-wp-on--click=\"actions.showLightbox\"\n\t\t\tdata-wp-style--right=\"state.imageButtonRight\"\n\t\t\tdata-wp-style--top=\"state.imageButtonTop\"\n\t\t>\n\t\t\t<svg xmlns=\"http:\/\/www.w3.org\/2000\/svg\" width=\"12\" height=\"12\" fill=\"none\" viewBox=\"0 0 12 12\">\n\t\t\t\t<path fill=\"#fff\" d=\"M2 0a2 2 0 0 0-2 2v2h1.5V2a.5.5 0 0 1 .5-.5h2V0H2Zm2 10.5H2a.5.5 0 0 1-.5-.5V8H0v2a2 2 0 0 0 2 2h2v-1.5ZM8 12v-1.5h2a.5.5 0 0 0 .5-.5V8H12v2a2 2 0 0 1-2 2H8Zm2-12a2 2 0 0 1 2 2v2h-1.5V2a.5.5 0 0 0-.5-.5H8V0h2Z\" \/>\n\t\t\t<\/svg>\n\t\t<\/button><\/figure>\n\n\n\n<h4 class=\"wp-block-heading has-small-font-size\" style=\"margin-top:24px;font-style:normal;font-weight:400\">Opracowanie dokumentacji zg\u0142oszenia patentowego i wzoru u\u017cytkowego<\/h4>\n\n\n\n<h3 class=\"wp-block-heading has-medium-font-size\" style=\"margin-top:12px\">Chro\u0144 swoj\u0105 technik\u0119 i technologi\u0119<\/h3>\n<\/div>\n\n\n\n<div class=\"wp-block-column is-layout-flow wp-block-column-is-layout-flow\">\n<figure data-wp-context=\"{&quot;imageId&quot;:&quot;69d80870a7cd1&quot;}\" data-wp-interactive=\"core\/image\" data-wp-key=\"69d80870a7cd1\" class=\"wp-block-image size-full ext-import wp-lightbox-container\"><img decoding=\"async\" width=\"284\" height=\"124\" data-wp-class--hide=\"state.isContentHidden\" data-wp-class--show=\"state.isContentVisible\" data-wp-init=\"callbacks.setButtonStyles\" data-wp-on--click=\"actions.showLightbox\" data-wp-on--load=\"callbacks.setButtonStyles\" data-wp-on-window--resize=\"callbacks.setButtonStyles\" src=\"https:\/\/abapat.pl\/wp-content\/uploads\/2024\/01\/Wzor.png\" alt=\"\" class=\"wp-image-258\"\/><button\n\t\t\tclass=\"lightbox-trigger\"\n\t\t\ttype=\"button\"\n\t\t\taria-haspopup=\"dialog\"\n\t\t\taria-label=\"Enlarge\"\n\t\t\tdata-wp-init=\"callbacks.initTriggerButton\"\n\t\t\tdata-wp-on--click=\"actions.showLightbox\"\n\t\t\tdata-wp-style--right=\"state.imageButtonRight\"\n\t\t\tdata-wp-style--top=\"state.imageButtonTop\"\n\t\t>\n\t\t\t<svg xmlns=\"http:\/\/www.w3.org\/2000\/svg\" width=\"12\" height=\"12\" fill=\"none\" viewBox=\"0 0 12 12\">\n\t\t\t\t<path fill=\"#fff\" d=\"M2 0a2 2 0 0 0-2 2v2h1.5V2a.5.5 0 0 1 .5-.5h2V0H2Zm2 10.5H2a.5.5 0 0 1-.5-.5V8H0v2a2 2 0 0 0 2 2h2v-1.5ZM8 12v-1.5h2a.5.5 0 0 0 .5-.5V8H12v2a2 2 0 0 1-2 2H8Zm2-12a2 2 0 0 1 2 2v2h-1.5V2a.5.5 0 0 0-.5-.5H8V0h2Z\" \/>\n\t\t\t<\/svg>\n\t\t<\/button><\/figure>\n\n\n\n<h4 class=\"wp-block-heading has-small-font-size\" style=\"margin-top:24px;font-style:normal;font-weight:400\">Zg\u0142oszenia wzor\u00f3w przemys\u0142owych i wsp\u00f3lnotowych<\/h4>\n\n\n\n<h3 class=\"wp-block-heading has-medium-font-size\" style=\"margin-top:12px\">Chro\u0144 swoje wzornictwo<\/h3>\n<\/div>\n<\/div>\n\n\n\n<div class=\"wp-block-columns alignwide is-layout-flex wp-container-core-columns-is-layout-7e47eb5e wp-block-columns-is-layout-flex\" style=\"margin-top:var(--wp--preset--spacing--50)\">\n<div class=\"wp-block-column is-layout-flow wp-block-column-is-layout-flow\">\n<figure data-wp-context=\"{&quot;imageId&quot;:&quot;69d80870a8293&quot;}\" data-wp-interactive=\"core\/image\" data-wp-key=\"69d80870a8293\" class=\"wp-block-image size-full ext-import wp-lightbox-container\"><img loading=\"lazy\" decoding=\"async\" width=\"284\" height=\"124\" data-wp-class--hide=\"state.isContentHidden\" data-wp-class--show=\"state.isContentVisible\" data-wp-init=\"callbacks.setButtonStyles\" data-wp-on--click=\"actions.showLightbox\" data-wp-on--load=\"callbacks.setButtonStyles\" data-wp-on-window--resize=\"callbacks.setButtonStyles\" src=\"https:\/\/abapat.pl\/wp-content\/uploads\/2024\/01\/Badania.png\" alt=\"\" class=\"wp-image-262\"\/><button\n\t\t\tclass=\"lightbox-trigger\"\n\t\t\ttype=\"button\"\n\t\t\taria-haspopup=\"dialog\"\n\t\t\taria-label=\"Enlarge\"\n\t\t\tdata-wp-init=\"callbacks.initTriggerButton\"\n\t\t\tdata-wp-on--click=\"actions.showLightbox\"\n\t\t\tdata-wp-style--right=\"state.imageButtonRight\"\n\t\t\tdata-wp-style--top=\"state.imageButtonTop\"\n\t\t>\n\t\t\t<svg xmlns=\"http:\/\/www.w3.org\/2000\/svg\" width=\"12\" height=\"12\" fill=\"none\" viewBox=\"0 0 12 12\">\n\t\t\t\t<path fill=\"#fff\" d=\"M2 0a2 2 0 0 0-2 2v2h1.5V2a.5.5 0 0 1 .5-.5h2V0H2Zm2 10.5H2a.5.5 0 0 1-.5-.5V8H0v2a2 2 0 0 0 2 2h2v-1.5ZM8 12v-1.5h2a.5.5 0 0 0 .5-.5V8H12v2a2 2 0 0 1-2 2H8Zm2-12a2 2 0 0 1 2 2v2h-1.5V2a.5.5 0 0 0-.5-.5H8V0h2Z\" \/>\n\t\t\t<\/svg>\n\t\t<\/button><\/figure>\n\n\n\n<h4 class=\"wp-block-heading has-small-font-size\" style=\"margin-top:24px;font-style:normal;font-weight:400\">Badania patentowe, badania dost\u0119pno\u015bci znak\u00f3w towarowych<\/h4>\n\n\n\n<h3 class=\"wp-block-heading has-medium-font-size\" style=\"margin-top:12px\">Sprawd\u017a, czy nie naruszasz?<\/h3>\n<\/div>\n\n\n\n<div class=\"wp-block-column is-layout-flow wp-block-column-is-layout-flow\">\n<figure data-wp-context=\"{&quot;imageId&quot;:&quot;69d80870a8778&quot;}\" data-wp-interactive=\"core\/image\" data-wp-key=\"69d80870a8778\" class=\"wp-block-image size-full ext-import wp-lightbox-container\"><img loading=\"lazy\" decoding=\"async\" width=\"284\" height=\"124\" data-wp-class--hide=\"state.isContentHidden\" data-wp-class--show=\"state.isContentVisible\" data-wp-init=\"callbacks.setButtonStyles\" data-wp-on--click=\"actions.showLightbox\" data-wp-on--load=\"callbacks.setButtonStyles\" data-wp-on-window--resize=\"callbacks.setButtonStyles\" src=\"https:\/\/abapat.pl\/wp-content\/uploads\/2024\/01\/Naruszenia.png\" alt=\"\" class=\"wp-image-261\"\/><button\n\t\t\tclass=\"lightbox-trigger\"\n\t\t\ttype=\"button\"\n\t\t\taria-haspopup=\"dialog\"\n\t\t\taria-label=\"Enlarge\"\n\t\t\tdata-wp-init=\"callbacks.initTriggerButton\"\n\t\t\tdata-wp-on--click=\"actions.showLightbox\"\n\t\t\tdata-wp-style--right=\"state.imageButtonRight\"\n\t\t\tdata-wp-style--top=\"state.imageButtonTop\"\n\t\t>\n\t\t\t<svg xmlns=\"http:\/\/www.w3.org\/2000\/svg\" width=\"12\" height=\"12\" fill=\"none\" viewBox=\"0 0 12 12\">\n\t\t\t\t<path fill=\"#fff\" d=\"M2 0a2 2 0 0 0-2 2v2h1.5V2a.5.5 0 0 1 .5-.5h2V0H2Zm2 10.5H2a.5.5 0 0 1-.5-.5V8H0v2a2 2 0 0 0 2 2h2v-1.5ZM8 12v-1.5h2a.5.5 0 0 0 .5-.5V8H12v2a2 2 0 0 1-2 2H8Zm2-12a2 2 0 0 1 2 2v2h-1.5V2a.5.5 0 0 0-.5-.5H8V0h2Z\" \/>\n\t\t\t<\/svg>\n\t\t<\/button><\/figure>\n\n\n\n<h4 class=\"wp-block-heading has-small-font-size\" style=\"margin-top:24px;font-style:normal;font-weight:400\">Prowadzenie spraw spornych przed Urz\u0119dem Patentowym RP i przed s\u0105dami powszechnymi<\/h4>\n\n\n\n<h3 class=\"wp-block-heading has-medium-font-size\" style=\"margin-top:12px\">\u015acigaj naruszenia<\/h3>\n<\/div>\n\n\n\n<div class=\"wp-block-column is-layout-flow wp-block-column-is-layout-flow\">\n<figure data-wp-context=\"{&quot;imageId&quot;:&quot;69d80870a8c32&quot;}\" data-wp-interactive=\"core\/image\" data-wp-key=\"69d80870a8c32\" class=\"wp-block-image size-full ext-import wp-lightbox-container\"><img loading=\"lazy\" decoding=\"async\" width=\"284\" height=\"124\" data-wp-class--hide=\"state.isContentHidden\" data-wp-class--show=\"state.isContentVisible\" data-wp-init=\"callbacks.setButtonStyles\" data-wp-on--click=\"actions.showLightbox\" data-wp-on--load=\"callbacks.setButtonStyles\" data-wp-on-window--resize=\"callbacks.setButtonStyles\" src=\"https:\/\/abapat.pl\/wp-content\/uploads\/2024\/01\/Wyceny.png\" alt=\"\" class=\"wp-image-260\"\/><button\n\t\t\tclass=\"lightbox-trigger\"\n\t\t\ttype=\"button\"\n\t\t\taria-haspopup=\"dialog\"\n\t\t\taria-label=\"Enlarge\"\n\t\t\tdata-wp-init=\"callbacks.initTriggerButton\"\n\t\t\tdata-wp-on--click=\"actions.showLightbox\"\n\t\t\tdata-wp-style--right=\"state.imageButtonRight\"\n\t\t\tdata-wp-style--top=\"state.imageButtonTop\"\n\t\t>\n\t\t\t<svg xmlns=\"http:\/\/www.w3.org\/2000\/svg\" width=\"12\" height=\"12\" fill=\"none\" viewBox=\"0 0 12 12\">\n\t\t\t\t<path fill=\"#fff\" d=\"M2 0a2 2 0 0 0-2 2v2h1.5V2a.5.5 0 0 1 .5-.5h2V0H2Zm2 10.5H2a.5.5 0 0 1-.5-.5V8H0v2a2 2 0 0 0 2 2h2v-1.5ZM8 12v-1.5h2a.5.5 0 0 0 .5-.5V8H12v2a2 2 0 0 1-2 2H8Zm2-12a2 2 0 0 1 2 2v2h-1.5V2a.5.5 0 0 0-.5-.5H8V0h2Z\" \/>\n\t\t\t<\/svg>\n\t\t<\/button><\/figure>\n\n\n\n<h4 class=\"wp-block-heading has-small-font-size\" style=\"margin-top:24px;font-style:normal;font-weight:400\">Wyceny znak\u00f3w towarowych i patent\u00f3w<\/h4>\n\n\n\n<h3 class=\"wp-block-heading has-medium-font-size\" style=\"margin-top:12px\">Ile warte jest twoje prawo?<\/h3>\n<\/div>\n<\/div>\n<\/div><\/div>\n\n\n\n<p class=\"has-text-align-left\">Us\u0142ugi kancelarii<\/p>\n\n\n\n<ul class=\"wp-block-list\">\n<li>Znaki towarowe<\/li>\n\n\n\n<li>Wzory przemys\u0142owe<\/li>\n\n\n\n<li>Patenty na wynalazki<\/li>\n\n\n\n<li>Wzory u\u017cytkowe<\/li>\n\n\n\n<li>Prowadzenie spraw spornych przed Urz\u0119dem Patentowym Rzeczypospolitej Polskiej i przed s\u0105dami powszechnymi<\/li>\n\n\n\n<li>Opinie z zakresu praw w\u0142asno\u015bci przemys\u0142owej<\/li>\n\n\n\n<li>Wyceny znak\u00f3w towarowych i patent\u00f3w<\/li>\n<\/ul>\n\n\n\n<h2 class=\"wp-block-heading\">Kontakt<\/h2>\n\n\n<p>Kancelaria Patentowa Abapat<\/p>\n<p>Adres biura:<\/p>\n<p>ul. J.F. Bia\u0142ych 5<\/p>\n<p>44-200 Rybnik<\/p>\n<p>email: abapat-@-abapat.pl (prosz\u0119 usun\u0105\u0107 my\u015blniki)<\/p>\n<p><span style=\"font-size: revert;\">tel. +48<\/span>602190225<span class=\"Apple-converted-space\">\u00a0<\/span><\/p>\n<p><span style=\"font-size: revert;\">+48604209162 (chwilowo niedost\u0119pny)<\/span><\/p>\n\n\n<p><p>Adres korespondencyjny:<\/p> <span style=\"font-size: revert;\">ul. Tadeusza Ko\u015bciuszki 19\/1<\/span> <p>44-200 Rybnik<\/p><\/p>\n","protected":false},"excerpt":{"rendered":"<p>Witamy w Kancelarii Patentowej Abapat Nasza kancelaria od 1995 roku \u015bwiadczy us\u0142ugi z zakresu ochrony w\u0142asno\u015bci przemys\u0142owej. Wyst\u0119pujemy w roli profesjonalnego pe\u0142nomocnika przed Urz\u0119dem Patentowym RP oraz przed Urz\u0119dem Do Spraw W\u0142asno\u015bci Intelektualnej EUIPO w Alicante i Europejskiego Urz\u0119du Patentowego &hellip; <\/p>\n","protected":false},"author":1,"featured_media":0,"parent":0,"menu_order":0,"comment_status":"closed","ping_status":"closed","template":"","meta":{"footnotes":""},"class_list":["post-5","page","type-page","status-publish","hentry"],"_links":{"self":[{"href":"https:\/\/abapat.pl\/index.php?rest_route=\/wp\/v2\/pages\/5","targetHints":{"allow":["GET"]}}],"collection":[{"href":"https:\/\/abapat.pl\/index.php?rest_route=\/wp\/v2\/pages"}],"about":[{"href":"https:\/\/abapat.pl\/index.php?rest_route=\/wp\/v2\/types\/page"}],"author":[{"embeddable":true,"href":"https:\/\/abapat.pl\/index.php?rest_route=\/wp\/v2\/users\/1"}],"replies":[{"embeddable":true,"href":"https:\/\/abapat.pl\/index.php?rest_route=%2Fwp%2Fv2%2Fcomments&post=5"}],"version-history":[{"count":21,"href":"https:\/\/abapat.pl\/index.php?rest_route=\/wp\/v2\/pages\/5\/revisions"}],"predecessor-version":[{"id":360,"href":"https:\/\/abapat.pl\/index.php?rest_route=\/wp\/v2\/pages\/5\/revisions\/360"}],"wp:attachment":[{"href":"https:\/\/abapat.pl\/index.php?rest_route=%2Fwp%2Fv2%2Fmedia&parent=5"}],"curies":[{"name":"wp","href":"https:\/\/api.w.org\/{rel}","templated":true}]}}