{"id":66,"date":"2022-10-20T15:45:56","date_gmt":"2022-10-20T15:45:56","guid":{"rendered":"http:\/\/abapat.pl\/?page_id=66"},"modified":"2024-01-09T16:47:24","modified_gmt":"2024-01-09T16:47:24","slug":"o-nas","status":"publish","type":"page","link":"https:\/\/abapat.pl\/?page_id=66","title":{"rendered":"O nas"},"content":{"rendered":"\t\t<div data-elementor-type=\"wp-page\" data-elementor-id=\"66\" class=\"elementor elementor-66\">\n\t\t\t\t\t\t\t<div class=\"elementor-element elementor-element-b116e19 e-con-full e-flex e-con e-parent\" data-id=\"b116e19\" data-element_type=\"container\" data-settings=\"{&quot;content_width&quot;:&quot;full&quot;,&quot;background_background&quot;:&quot;slideshow&quot;,&quot;shape_divider_top&quot;:&quot;opacity-fan&quot;,&quot;container_type&quot;:&quot;flex&quot;,&quot;background_slideshow_gallery&quot;:[],&quot;background_slideshow_loop&quot;:&quot;yes&quot;,&quot;background_slideshow_slide_duration&quot;:5000,&quot;background_slideshow_slide_transition&quot;:&quot;fade&quot;,&quot;background_slideshow_transition_duration&quot;:500}\" data-core-v316-plus=\"true\">\n\t\t\t\t<div class=\"elementor-shape elementor-shape-top\" data-negative=\"false\">\n\t\t\t<svg xmlns=\"http:\/\/www.w3.org\/2000\/svg\" viewBox=\"0 0 283.5 19.6\" preserveAspectRatio=\"none\">\n\t<path class=\"elementor-shape-fill\" style=\"opacity:0.33\" d=\"M0 0L0 18.8 141.8 4.1 283.5 18.8 283.5 0z\"\/>\n\t<path class=\"elementor-shape-fill\" style=\"opacity:0.33\" d=\"M0 0L0 12.6 141.8 4 283.5 12.6 283.5 0z\"\/>\n\t<path class=\"elementor-shape-fill\" style=\"opacity:0.33\" d=\"M0 0L0 6.4 141.8 4 283.5 6.4 283.5 0z\"\/>\n\t<path class=\"elementor-shape-fill\" d=\"M0 0L0 1.2 141.8 4 283.5 1.2 283.5 0z\"\/>\n<\/svg>\t\t<\/div>\n\t\t\t\t<div class=\"elementor-element elementor-element-06b3585 elementor-widget elementor-widget-text-editor\" data-id=\"06b3585\" data-element_type=\"widget\" data-widget_type=\"text-editor.default\">\n\t\t\t\t<div class=\"elementor-widget-container\">\n\t\t\t<style>\/*! elementor - v3.18.0 - 20-12-2023 *\/\n.elementor-widget-text-editor.elementor-drop-cap-view-stacked .elementor-drop-cap{background-color:#69727d;color:#fff}.elementor-widget-text-editor.elementor-drop-cap-view-framed .elementor-drop-cap{color:#69727d;border:3px solid;background-color:transparent}.elementor-widget-text-editor:not(.elementor-drop-cap-view-default) .elementor-drop-cap{margin-top:8px}.elementor-widget-text-editor:not(.elementor-drop-cap-view-default) .elementor-drop-cap-letter{width:1em;height:1em}.elementor-widget-text-editor .elementor-drop-cap{float:left;text-align:center;line-height:1;font-size:50px}.elementor-widget-text-editor .elementor-drop-cap-letter{display:inline-block}<\/style>\t\t\t\t<p style=\"font-weight: 400;\">Nasza kancelaria od 1995 roku \u015bwiadczy us\u0142ugi z zakresu ochrony w\u0142asno\u015bci przemys\u0142owej w Polsce i za granic\u0105.<\/p>\n<p style=\"font-weight: 400;\">Wyst\u0119pujemy w roli profesjonalnego pe\u0142nomocnika przed Urz\u0119dem Patentowym RP oraz przed Urz\u0119dem Do Spraw W\u0142asno\u015bci Intelektualnej EUIPO w Alicante i Europejskiego Urz\u0119du Patentowego EPO w Monachium. W zakresie uzyskiwania ochrony patentowej specjalizujemy si\u0119 w dziedzinie mechaniki, mechatroniki elektryki i g\u00f3rnictwa. Dokonujemy tak\u017ce wycen warto\u015bci niematerialnych i prawnych.\u00a0<\/p>\t\t\t\t\t\t<\/div>\n\t\t\t\t<\/div>\n\t\t\t\t<\/div>\n\t\t<div class=\"elementor-element elementor-element-bed3ccb e-flex e-con-boxed e-con e-parent\" data-id=\"bed3ccb\" data-element_type=\"container\" data-settings=\"{&quot;container_type&quot;:&quot;flex&quot;,&quot;content_width&quot;:&quot;boxed&quot;}\" data-core-v316-plus=\"true\">\n\t\t\t\t\t<div class=\"e-con-inner\">\n\t\t\t\t<div class=\"elementor-element elementor-element-fdbd746 elementor-widget elementor-widget-spacer\" data-id=\"fdbd746\" data-element_type=\"widget\" data-widget_type=\"spacer.default\">\n\t\t\t\t<div class=\"elementor-widget-container\">\n\t\t\t<style>\/*! elementor - v3.18.0 - 20-12-2023 *\/\n.elementor-column .elementor-spacer-inner{height:var(--spacer-size)}.e-con{--container-widget-width:100%}.e-con-inner>.elementor-widget-spacer,.e-con>.elementor-widget-spacer{width:var(--container-widget-width,var(--spacer-size));--align-self:var(--container-widget-align-self,initial);--flex-shrink:0}.e-con-inner>.elementor-widget-spacer>.elementor-widget-container,.e-con>.elementor-widget-spacer>.elementor-widget-container{height:100%;width:100%}.e-con-inner>.elementor-widget-spacer>.elementor-widget-container>.elementor-spacer,.e-con>.elementor-widget-spacer>.elementor-widget-container>.elementor-spacer{height:100%}.e-con-inner>.elementor-widget-spacer>.elementor-widget-container>.elementor-spacer>.elementor-spacer-inner,.e-con>.elementor-widget-spacer>.elementor-widget-container>.elementor-spacer>.elementor-spacer-inner{height:var(--container-widget-height,var(--spacer-size))}.e-con-inner>.elementor-widget-spacer.elementor-widget-empty,.e-con>.elementor-widget-spacer.elementor-widget-empty{position:relative;min-height:22px;min-width:22px}.e-con-inner>.elementor-widget-spacer.elementor-widget-empty .elementor-widget-empty-icon,.e-con>.elementor-widget-spacer.elementor-widget-empty .elementor-widget-empty-icon{position:absolute;top:0;bottom:0;left:0;right:0;margin:auto;padding:0;width:22px;height:22px}<\/style>\t\t<div class=\"elementor-spacer\">\n\t\t\t<div class=\"elementor-spacer-inner\"><\/div>\n\t\t<\/div>\n\t\t\t\t<\/div>\n\t\t\t\t<\/div>\n\t\t\t\t\t<\/div>\n\t\t\t\t<\/div>\n\t\t<div class=\"elementor-element elementor-element-9130b23 e-flex e-con-boxed e-con e-parent\" data-id=\"9130b23\" data-element_type=\"container\" data-settings=\"{&quot;container_type&quot;:&quot;flex&quot;,&quot;content_width&quot;:&quot;boxed&quot;}\" data-core-v316-plus=\"true\">\n\t\t\t\t\t<div class=\"e-con-inner\">\n\t\t\t\t<div class=\"elementor-element elementor-element-3fcf721 elementor-widget elementor-widget-text-editor\" data-id=\"3fcf721\" data-element_type=\"widget\" data-widget_type=\"text-editor.default\">\n\t\t\t\t<div class=\"elementor-widget-container\">\n\t\t\t\t\t\t\t<p style=\"font-weight: 400;\"><strong>Zesp\u00f3\u0142 Kancelarii Patentowej<\/strong><\/p>\t\t\t\t\t\t<\/div>\n\t\t\t\t<\/div>\n\t\t\t\t\t<\/div>\n\t\t\t\t<\/div>\n\t\t<div class=\"elementor-element elementor-element-f623f6d e-flex e-con-boxed e-con e-parent\" data-id=\"f623f6d\" data-element_type=\"container\" data-settings=\"{&quot;container_type&quot;:&quot;flex&quot;,&quot;content_width&quot;:&quot;boxed&quot;}\" data-core-v316-plus=\"true\">\n\t\t\t\t\t<div class=\"e-con-inner\">\n\t\t\t\t<div class=\"elementor-element elementor-element-953f444 elementor-widget elementor-widget-spacer\" data-id=\"953f444\" data-element_type=\"widget\" data-widget_type=\"spacer.default\">\n\t\t\t\t<div class=\"elementor-widget-container\">\n\t\t\t\t\t<div class=\"elementor-spacer\">\n\t\t\t<div class=\"elementor-spacer-inner\"><\/div>\n\t\t<\/div>\n\t\t\t\t<\/div>\n\t\t\t\t<\/div>\n\t\t\t\t\t<\/div>\n\t\t\t\t<\/div>\n\t\t<div class=\"elementor-element elementor-element-e284332 e-flex e-con-boxed e-con e-parent\" data-id=\"e284332\" data-element_type=\"container\" data-settings=\"{&quot;container_type&quot;:&quot;flex&quot;,&quot;content_width&quot;:&quot;boxed&quot;}\" data-core-v316-plus=\"true\">\n\t\t\t\t\t<div class=\"e-con-inner\">\n\t\t\t\t<div class=\"elementor-element elementor-element-c8d4c0c elementor-widget elementor-widget-text-editor\" data-id=\"c8d4c0c\" data-element_type=\"widget\" data-widget_type=\"text-editor.default\">\n\t\t\t\t<div class=\"elementor-widget-container\">\n\t\t\t\t\t\t\t<p style=\"font-weight: 400;\"><strong>Urszula Trawi\u0144ska<\/strong><\/p>\n<p style=\"font-weight: 400;\">Kancelaria Patentowa zosta\u0142a za\u0142o\u017cona w 1995 roku przez rzecznika patentowego Urszul\u0119 Trawi\u0144sk\u0105.<\/p>\n<p style=\"font-weight: 400;\">Pani Urszula Trawi\u0144ska posiada wieloletnie do\u015bwiadczenie w pracy rzecznika patentowego, kt\u00f3r\u0105 najpierw wykonywa\u0142a w przemy\u015ble g\u00f3rniczym, a nast\u0119pnie w ramach w\u0142asnej kancelarii patentowej.<\/p>\n<p style=\"font-weight: 400;\">Na swoim koncie ma wiele spraw zako\u0144czonych udzieleniem patent\u00f3w oraz wiele spraw spornych prowadzonych przed Urz\u0119dem patentowym Rzeczypospolitej Polskiej. Panie Trawi\u0144ska wyst\u0119puje w roli profesjonalnego pe\u0142nomocnika przed urz\u0119dem EUIPO w Alicante a tak\u017ce posiada uprawnienia Europejskiego rzecznika patentowego.<\/p>\n<p style=\"font-weight: 400;\"><strong>Magdalena Tyra\u0142a<\/strong><\/p>\n<p><img decoding=\"async\" class=\"wp-image-160 aligncenter\" src=\"https:\/\/abapat.pl\/wp-content\/uploads\/2023\/02\/IMG_0347-265x300.jpeg\" alt=\"\" width=\"139\" height=\"157\" srcset=\"https:\/\/abapat.pl\/wp-content\/uploads\/2023\/02\/IMG_0347-265x300.jpeg 265w, https:\/\/abapat.pl\/wp-content\/uploads\/2023\/02\/IMG_0347.jpeg 566w\" sizes=\"(max-width: 139px) 100vw, 139px\" \/><\/p>\n<p><span style=\"font-weight: 400;\">Rzecznik Patentowy Magdalena Tyra\u0142a opr\u00f3cz uprawnie\u0144 do wyst\u0119powania przed Urz\u0119dem Patentowym Rzeczypospolitej Polskiej posiada uprawnienia Europejskiego Rzecznika Patentowego do wyst\u0119powania w roli profesjonalnego pe\u0142nomocnika przed Europejskim Urz\u0119dem Patentowym a tak\u017ce do wyst\u0119powaniu w roli pe\u0142nomocnika przed Jednolitym S\u0105dem Patentowym. Prowadzi sprawy w zakresie uzyskiwania ochrony znak\u00f3w towarowych, wynalazk\u00f3w, wzor\u00f3w przemys\u0142owych i wzor\u00f3w u\u017cytkowych w Polsce i za granic\u0105. Magdalena Tyra\u0142a jest z wykszta\u0142cenia in\u017cynierem mechatroniki, specjalizuje si\u0119 w opracowywaniu opis\u00f3w patentowych dotycz\u0105cych wielu dziedzin techniki.<\/span><\/p>\t\t\t\t\t\t<\/div>\n\t\t\t\t<\/div>\n\t\t\t\t\t<\/div>\n\t\t\t\t<\/div>\n\t\t\t\t\t\t\t<\/div>\n\t\t","protected":false},"excerpt":{"rendered":"<p>Nasza kancelaria od 1995 roku \u015bwiadczy us\u0142ugi z zakresu ochrony w\u0142asno\u015bci przemys\u0142owej w Polsce i za granic\u0105. Wyst\u0119pujemy w roli profesjonalnego pe\u0142nomocnika przed Urz\u0119dem Patentowym RP oraz przed Urz\u0119dem Do Spraw W\u0142asno\u015bci Intelektualnej EUIPO w Alicante i Europejskiego Urz\u0119du Patentowego &hellip; <\/p>\n","protected":false},"author":1,"featured_media":0,"parent":5,"menu_order":0,"comment_status":"closed","ping_status":"closed","template":"elementor_header_footer","meta":{"footnotes":""},"class_list":["post-66","page","type-page","status-publish","hentry"],"_links":{"self":[{"href":"https:\/\/abapat.pl\/index.php?rest_route=\/wp\/v2\/pages\/66","targetHints":{"allow":["GET"]}}],"collection":[{"href":"https:\/\/abapat.pl\/index.php?rest_route=\/wp\/v2\/pages"}],"about":[{"href":"https:\/\/abapat.pl\/index.php?rest_route=\/wp\/v2\/types\/page"}],"author":[{"embeddable":true,"href":"https:\/\/abapat.pl\/index.php?rest_route=\/wp\/v2\/users\/1"}],"replies":[{"embeddable":true,"href":"https:\/\/abapat.pl\/index.php?rest_route=%2Fwp%2Fv2%2Fcomments&post=66"}],"version-history":[{"count":13,"href":"https:\/\/abapat.pl\/index.php?rest_route=\/wp\/v2\/pages\/66\/revisions"}],"predecessor-version":[{"id":349,"href":"https:\/\/abapat.pl\/index.php?rest_route=\/wp\/v2\/pages\/66\/revisions\/349"}],"up":[{"embeddable":true,"href":"https:\/\/abapat.pl\/index.php?rest_route=\/wp\/v2\/pages\/5"}],"wp:attachment":[{"href":"https:\/\/abapat.pl\/index.php?rest_route=%2Fwp%2Fv2%2Fmedia&parent=66"}],"curies":[{"name":"wp","href":"https:\/\/api.w.org\/{rel}","templated":true}]}}